{"id":572,"date":"2021-03-15T13:02:50","date_gmt":"2021-03-15T12:02:50","guid":{"rendered":"https:\/\/boedeker.ze-one.de\/impressum\/"},"modified":"2021-03-20T20:37:31","modified_gmt":"2021-03-20T19:37:31","slug":"mentions-legales","status":"publish","type":"page","link":"https:\/\/www.meik-boedeker.de\/fr\/mentions-legales\/","title":{"rendered":"Mentions l\u00e9gales"},"content":{"rendered":"<div class=\"fusion-fullwidth fullwidth-box fusion-builder-row-1 fusion-flex-container nonhundred-percent-fullwidth non-hundred-percent-height-scrolling\" style=\"background-color: #000000;background-position: center center;background-repeat: no-repeat;border-width: 0px 0px 0px 0px;border-color:#000000;border-style:solid;\" id=\"datenschutz\" ><div class=\"fusion-builder-row fusion-row fusion-flex-align-items-flex-start\" style=\"max-width:calc( 1200px + 0px );margin-left: calc(-0px \/ 2 );margin-right: calc(-0px \/ 2 );\"><div class=\"fusion-layout-column fusion_builder_column fusion-builder-column-0 fusion_builder_column_1_1 1_1 fusion-flex-column\"><div class=\"fusion-column-wrapper fusion-flex-justify-content-flex-start fusion-content-layout-column\" style=\"background-position:left top;background-repeat:no-repeat;-webkit-background-size:cover;-moz-background-size:cover;-o-background-size:cover;background-size:cover;padding: 0px 0px 0px 0px;\"><div class=\"fusion-text fusion-text-1\" style=\"transform:translate3d(0,0,0);\"><h2>Mentions l\u00e9gales<\/h2>\n<p>Meik B\u00f6deker<br \/>\nSt. Heinricher Str. 4<br \/>\n82402 Seeshaupt<br \/>\n<span lang=\"fr\">T\u00e9l\u00e9phone<\/span>: +49 (0)160 765 77 93<br \/>\nE-Mail: <a href=\"mailto:mail@meik-boedeker.de\">mail@meik-boedeker.de<\/a><\/p>\n<p><strong>D\u00e9charge de responsabilit\u00e9 :<\/strong><\/p>\n<p><strong>Responsabilit\u00e9 du contenu<br \/>\n<\/strong>Les contenus de ces pages sont cr\u00e9\u00e9s avec le plus grand soin. Toutefois, je ne peux pas garantir l&rsquo;exactitude, l&rsquo;exhaustivit\u00e9 et l&rsquo;actualit\u00e9 du contenu. En tant que prestataire de services, je suis responsable de mes propres contenus sur ces pages, conform\u00e9ment \u00e0 l&rsquo;article 7, paragraphe 1, de la TMG. Conform\u00e9ment aux articles 8 \u00e0 10 de la TMG, je ne suis pas tenu de surveiller les informations transmises ou stock\u00e9es ni d&rsquo;enqu\u00eater sur les circonstances qui indiquent une activit\u00e9 ill\u00e9gale. Les obligations de supprimer ou de bloquer l&rsquo;utilisation des informations conform\u00e9ment aux lois g\u00e9n\u00e9rales restent inchang\u00e9es. Toutefois, la responsabilit\u00e9 \u00e0 cet \u00e9gard n&rsquo;est possible qu&rsquo;\u00e0 partir du moment o\u00f9 une infraction concr\u00e8te \u00e0 la loi est connue. Si j&rsquo;ai connaissance de telles infractions, je retirerai imm\u00e9diatement le contenu concern\u00e9.<\/p>\n<p><strong>Responsabilit\u00e9 des liens<br \/>\n<\/strong>Mon offre peut contenir des liens vers des sites web externes de tiers, sur le contenu desquels je n&rsquo;ai aucune influence. Je ne peux donc assumer aucune garantie pour ces contenus \u00e9trangers. Le fournisseur ou l&rsquo;exploitant des pages li\u00e9es est toujours responsable de leur contenu. Les pages li\u00e9es ont \u00e9t\u00e9 v\u00e9rifi\u00e9es au moment de la mise en place du lien afin de d\u00e9tecter d&rsquo;\u00e9ventuelles violations de la loi. Les contenus ill\u00e9gaux n&rsquo;\u00e9taient pas reconnaissables au moment de la cr\u00e9ation du lien. Toutefois, un contr\u00f4le permanent du contenu des pages li\u00e9es n&rsquo;est pas raisonnable sans preuve concr\u00e8te d&rsquo;une violation de la loi. Si je prends connaissance d&rsquo;infractions, je supprimerai imm\u00e9diatement ces liens.<\/p>\n<p><strong>Copyright<\/strong><br \/>\nLes contenus et les \u0153uvres cr\u00e9\u00e9s par les op\u00e9rateurs du site sur ces pages sont soumis au droit d&rsquo;auteur allemand. La duplication, le traitement, la distribution ou toute forme de commercialisation de ce mat\u00e9riel au-del\u00e0 du champ d&rsquo;application de la loi sur le droit d&rsquo;auteur requiert le consentement \u00e9crit pr\u00e9alable de son auteur ou cr\u00e9ateur respectif. Les t\u00e9l\u00e9chargements et les copies de ce site ne sont autoris\u00e9s que pour un usage priv\u00e9 et non commercial. Dans la mesure o\u00f9 le contenu de ce site n&rsquo;a pas \u00e9t\u00e9 cr\u00e9\u00e9 par l&rsquo;op\u00e9rateur, les droits d&rsquo;auteur des tiers sont respect\u00e9s. En particulier, les contenus de tiers sont identifi\u00e9s comme tels. Si vous deviez n\u00e9anmoins \u00eatre attentif \u00e0 une violation du droit d&rsquo;auteur, je vous demande une r\u00e9f\u00e9rence appropri\u00e9e. Si j&rsquo;ai connaissance d&rsquo;une infraction, je retirerai imm\u00e9diatement ce contenu.<\/p>\n<\/div><\/div><\/div><style type=\"text\/css\">.fusion-body .fusion-builder-column-0{width:100% !important;margin-top : 0px;margin-bottom : 0px;}.fusion-builder-column-0 > .fusion-column-wrapper {padding-top : 0px !important;padding-right : 0px !important;margin-right : 0;padding-bottom : 0px !important;padding-left : 0px !important;margin-left : 0;}@media only screen and (max-width:1024px) {.fusion-body .fusion-builder-column-0{width:100% !important;}.fusion-builder-column-0 > .fusion-column-wrapper {margin-right : 0;margin-left : 0;}}@media only screen and (max-width:640px) {.fusion-body .fusion-builder-column-0{width:100% !important;}.fusion-builder-column-0 > .fusion-column-wrapper {margin-right : 0;margin-left : 0;}}<\/style><\/div><style type=\"text\/css\">.fusion-body .fusion-flex-container.fusion-builder-row-1{ padding-top : 0px;margin-top : 0px;padding-right : 0px;padding-bottom : 0px;margin-bottom : 0px;padding-left : 0px;}<\/style><\/div>\n","protected":false},"excerpt":{"rendered":"","protected":false},"author":1,"featured_media":0,"parent":0,"menu_order":0,"comment_status":"closed","ping_status":"open","template":"","meta":[],"yoast_head":"<!-- This site is optimized with the Yoast SEO plugin v16.0 - https:\/\/yoast.com\/wordpress\/plugins\/seo\/ -->\n<title>Mentions l\u00e9gales | DR. MEIK B\u00d6DEKER<\/title>\n<link rel=\"canonical\" href=\"https:\/\/www.meik-boedeker.de\/fr\/mentions-legales\/\" \/>\n<meta property=\"og:locale\" content=\"fr_FR\" \/>\n<meta property=\"og:type\" content=\"article\" \/>\n<meta property=\"og:title\" content=\"Mentions l\u00e9gales | DR. MEIK B\u00d6DEKER\" \/>\n<meta property=\"og:url\" content=\"https:\/\/www.meik-boedeker.de\/fr\/mentions-legales\/\" \/>\n<meta property=\"og:site_name\" content=\"DR. MEIK B\u00d6DEKER\" \/>\n<meta property=\"article:modified_time\" content=\"2021-03-20T19:37:31+00:00\" \/>\n<meta name=\"twitter:card\" content=\"summary_large_image\" \/>\n<meta name=\"twitter:label1\" content=\"Dur\u00e9e de lecture est.\">\n\t<meta name=\"twitter:data1\" content=\"4 minutes\">\n<script type=\"application\/ld+json\" class=\"yoast-schema-graph\">{\"@context\":\"https:\/\/schema.org\",\"@graph\":[{\"@type\":\"WebSite\",\"@id\":\"https:\/\/www.meik-boedeker.de\/#website\",\"url\":\"https:\/\/www.meik-boedeker.de\/\",\"name\":\"DR. MEIK B\\u00d6DEKER\",\"description\":\"Beratung &amp; Coaching\",\"potentialAction\":[{\"@type\":\"SearchAction\",\"target\":\"https:\/\/www.meik-boedeker.de\/?s={search_term_string}\",\"query-input\":\"required name=search_term_string\"}],\"inLanguage\":\"fr-FR\"},{\"@type\":\"WebPage\",\"@id\":\"https:\/\/www.meik-boedeker.de\/fr\/mentions-legales\/#webpage\",\"url\":\"https:\/\/www.meik-boedeker.de\/fr\/mentions-legales\/\",\"name\":\"Mentions l\\u00e9gales | DR. MEIK B\\u00d6DEKER\",\"isPartOf\":{\"@id\":\"https:\/\/www.meik-boedeker.de\/#website\"},\"datePublished\":\"2021-03-15T12:02:50+00:00\",\"dateModified\":\"2021-03-20T19:37:31+00:00\",\"breadcrumb\":{\"@id\":\"https:\/\/www.meik-boedeker.de\/fr\/mentions-legales\/#breadcrumb\"},\"inLanguage\":\"fr-FR\",\"potentialAction\":[{\"@type\":\"ReadAction\",\"target\":[\"https:\/\/www.meik-boedeker.de\/fr\/mentions-legales\/\"]}]},{\"@type\":\"BreadcrumbList\",\"@id\":\"https:\/\/www.meik-boedeker.de\/fr\/mentions-legales\/#breadcrumb\",\"itemListElement\":[{\"@type\":\"ListItem\",\"position\":1,\"item\":{\"@type\":\"WebPage\",\"@id\":\"https:\/\/www.meik-boedeker.de\/fr\/\",\"url\":\"https:\/\/www.meik-boedeker.de\/fr\/\",\"name\":\"Startseite\"}},{\"@type\":\"ListItem\",\"position\":2,\"item\":{\"@type\":\"WebPage\",\"@id\":\"https:\/\/www.meik-boedeker.de\/fr\/mentions-legales\/\",\"url\":\"https:\/\/www.meik-boedeker.de\/fr\/mentions-legales\/\",\"name\":\"Mentions l\\u00e9gales\"}}]}]}<\/script>\n<!-- \/ Yoast SEO plugin. -->","_links":{"self":[{"href":"https:\/\/www.meik-boedeker.de\/fr\/wp-json\/wp\/v2\/pages\/572"}],"collection":[{"href":"https:\/\/www.meik-boedeker.de\/fr\/wp-json\/wp\/v2\/pages"}],"about":[{"href":"https:\/\/www.meik-boedeker.de\/fr\/wp-json\/wp\/v2\/types\/page"}],"author":[{"embeddable":true,"href":"https:\/\/www.meik-boedeker.de\/fr\/wp-json\/wp\/v2\/users\/1"}],"replies":[{"embeddable":true,"href":"https:\/\/www.meik-boedeker.de\/fr\/wp-json\/wp\/v2\/comments?post=572"}],"version-history":[{"count":3,"href":"https:\/\/www.meik-boedeker.de\/fr\/wp-json\/wp\/v2\/pages\/572\/revisions"}],"predecessor-version":[{"id":1080,"href":"https:\/\/www.meik-boedeker.de\/fr\/wp-json\/wp\/v2\/pages\/572\/revisions\/1080"}],"wp:attachment":[{"href":"https:\/\/www.meik-boedeker.de\/fr\/wp-json\/wp\/v2\/media?parent=572"}],"curies":[{"name":"wp","href":"https:\/\/api.w.org\/{rel}","templated":true}]}}