{"id":1049,"date":"2021-03-14T20:24:45","date_gmt":"2021-03-14T19:24:45","guid":{"rendered":"https:\/\/www.meik-boedeker.de\/vita-privatkunden\/"},"modified":"2021-03-20T21:21:51","modified_gmt":"2021-03-20T20:21:51","slug":"vita-clients-prives","status":"publish","type":"page","link":"https:\/\/www.meik-boedeker.de\/fr\/vita-clients-prives\/","title":{"rendered":"Vita Clients Priv\u00e9s"},"content":{"rendered":"<div class=\"fusion-fullwidth fullwidth-box fusion-builder-row-1 fusion-flex-container hundred-percent-fullwidth non-hundred-percent-height-scrolling\" style=\"background-color: #000000;background-position: center center;background-repeat: no-repeat;border-width: 0px 0px 0px 0px;border-color:#000000;border-style:solid;\" id=\"meikimeiklinks\" ><div class=\"fusion-builder-row fusion-row fusion-flex-align-items-flex-start\" style=\"width:calc( 100% + 0px ) !important;max-width:calc( 100% + 0px ) !important;margin-left: calc(-0px \/ 2 );margin-right: calc(-0px \/ 2 );\"><div class=\"fusion-layout-column fusion_builder_column fusion-builder-column-0 fusion_builder_column_2_5 2_5 fusion-flex-column\" id=\"meikilinks\"><div class=\"fusion-column-wrapper fusion-flex-justify-content-flex-start fusion-content-layout-column\" style=\"background-image: url(&#039;https:\/\/www.meik-boedeker.de\/wp-content\/uploads\/2021\/03\/Meik_Privatkunden_Vita.gif&#039;);background-position:right top;background-repeat:no-repeat;-webkit-background-size:cover;-moz-background-size:cover;-o-background-size:cover;background-size:cover;padding: 0px 0px 0px 0px;\" data-bg-url=\"https:\/\/www.meik-boedeker.de\/wp-content\/uploads\/2021\/03\/Meik_Privatkunden_Vita.gif\"><\/div><\/div><style type=\"text\/css\">.fusion-body .fusion-builder-column-0{width:40% !important;margin-top : 0px;margin-bottom : 0px;}.fusion-builder-column-0 > .fusion-column-wrapper {padding-top : 0px !important;padding-right : 0px !important;margin-right : 0;padding-bottom : 0px !important;padding-left : 0px !important;margin-left : 0;}@media only screen and (max-width:1024px) {.fusion-body .fusion-builder-column-0{width:40% !important;order : 0;}.fusion-builder-column-0 > .fusion-column-wrapper {margin-right : 0;margin-left : 0;}}@media only screen and (max-width:640px) {.fusion-body .fusion-builder-column-0{width:100% !important;order : 0;}.fusion-builder-column-0 > .fusion-column-wrapper {margin-right : 0;margin-left : 0;}}<\/style><div class=\"fusion-layout-column fusion_builder_column fusion-builder-column-1 fusion_builder_column_3_5 3_5 fusion-flex-column\" id=\"rechteseite\"><div class=\"fusion-column-wrapper fusion-flex-justify-content-flex-start fusion-content-layout-column\" style=\"background-image: url(&#039;https:\/\/www.meik-boedeker.de\/wp-content\/uploads\/2021\/03\/bg-Firmenkunden.jpg&#039;);background-position:left top;background-repeat:no-repeat;-webkit-background-size:cover;-moz-background-size:cover;-o-background-size:cover;background-size:cover;padding: 0px 0px 0px 0px;\" data-bg-url=\"https:\/\/www.meik-boedeker.de\/wp-content\/uploads\/2021\/03\/bg-Firmenkunden.jpg\"><div class=\"fusion-text fusion-text-1\" style=\"transform:translate3d(0,0,0);\"><h2>Meik B\u00f6deker ? Qui est ce mec ?<\/h2>\n<h2><\/h2>\n<\/div><div class=\"fusion-builder-row fusion-builder-row-inner fusion-row fusion-flex-align-items-flex-start\" style=\"width:calc( 100% + 0px ) !important;max-width:calc( 100% + 0px ) !important;margin-left: calc(-0px \/ 2 );margin-right: calc(-0px \/ 2 );\"><div class=\"fusion-layout-column fusion_builder_column_inner fusion-builder-nested-column-0 fusion_builder_column_inner_1_2 1_2 fusion-flex-column\"><div class=\"fusion-column-wrapper fusion-flex-justify-content-flex-start fusion-content-layout-column\" style=\"background-position:left top;background-repeat:no-repeat;-webkit-background-size:cover;-moz-background-size:cover;-o-background-size:cover;background-size:cover;padding: 0px 0px 0px 0px;\"><div class=\"fusion-text fusion-text-2\" style=\"transform:translate3d(0,0,0);\"><p>* 3 Mars 1967<\/p>\n<p><strong>\u00c9ducation<\/strong><\/p>\n<p>Universit\u00e9 Paris \u2013 Sorbonne<br \/>\n<em>Dipl\u00f4me : Dipl\u00f4me d&rsquo;\u00c9tudes Approfondies (D.E.A.)<\/em><\/p>\n<p>Universit\u00e9 des \u00e9tudes de biblioth\u00e9conomie et des technologies de l&rsquo;information, Sofia<br \/>\n<em>Dipl\u00f4me : Docteur en sciences de l&rsquo;information <\/em><\/p>\n<p>\u00c9cole professionnelle Inlingua<br \/>\n<em>Examen d&rsquo;\u00c9tat. Correspondant en langue \u00e9trang\u00e8re<\/em><\/p>\n<p>Chambre de commerce et d&rsquo;industrie de Munich<br \/>\n<em>Sp\u00e9cialiste du tourisme (extra-professionnel)<\/em><\/p>\n<p><em>Formateur de personnalit\u00e9 dipl\u00f4m\u00e9 et\/ou coach (extra-professionnel)<\/em><\/p>\n<\/div><\/div><\/div><style type=\"text\/css\">.fusion-body .fusion-builder-nested-column-0{width:50% !important;margin-top : 0px;margin-bottom : 0px;}.fusion-builder-nested-column-0 > .fusion-column-wrapper {padding-top : 0px !important;padding-right : 0px !important;margin-right : 0;padding-bottom : 0px !important;padding-left : 0px !important;margin-left : 0;}@media only screen and (max-width:1024px) {.fusion-body .fusion-builder-nested-column-0{width:50% !important;order : 0;}.fusion-builder-nested-column-0 > .fusion-column-wrapper {margin-right : 0;margin-left : 0;}}@media only screen and (max-width:640px) {.fusion-body .fusion-builder-nested-column-0{width:100% !important;order : 0;}.fusion-builder-nested-column-0 > .fusion-column-wrapper {margin-right : 0;margin-left : 0;}}<\/style><div class=\"fusion-layout-column fusion_builder_column_inner fusion-builder-nested-column-1 fusion_builder_column_inner_1_2 1_2 fusion-flex-column\"><div class=\"fusion-column-wrapper fusion-flex-justify-content-flex-start fusion-content-layout-column\" style=\"background-position:left top;background-repeat:no-repeat;-webkit-background-size:cover;-moz-background-size:cover;-o-background-size:cover;background-size:cover;padding: 0px 0px 0px 0px;\"><div class=\"fusion-text fusion-text-3\" style=\"transform:translate3d(0,0,0);\"><p><strong>Emplois<\/strong><\/p>\n<p>Air UK, Londres<br \/>\n<em>Directeur Allemagne \/ Autriche \/ Suisse<\/em><\/p>\n<p>COMBERA, Munich<br \/>\n<em>Responsable de l&rsquo;unit\u00e9 commerciale T-Sales \/ Marketing direct<\/em><\/p>\n<p>Travel24.com, Munich<br \/>\n<em>Directeur<\/em><\/p>\n<p>Andtek Technologies, Munich<br \/>\n<em>Directeur Marketing &amp; Ventes<\/em><\/p>\n<p>Buongiorno Vitaminic, Milan<br \/>\n<em>Directeur de Secteur \u201cClients directs\u201d<\/em><\/p>\n<p>Management Centre Europe, Bruxelles<br \/>\n<em>Consultant en gestion<\/em><\/p>\n<p>Institut ADV, Seeshaupt\/Lake Starnberg et Essen<br \/>\n<em>Porte-parole de la direction de l&rsquo;Institut<\/em><\/p>\n<p>depuis 2015,<em> consultant et conf\u00e9rencier ind\u00e9pendant<\/em><\/p>\n<\/div><\/div><\/div><style type=\"text\/css\">.fusion-body .fusion-builder-nested-column-1{width:50% !important;margin-top : 0px;margin-bottom : 0px;}.fusion-builder-nested-column-1 > .fusion-column-wrapper {padding-top : 0px !important;padding-right : 0px !important;margin-right : 0;padding-bottom : 0px !important;padding-left : 0px !important;margin-left : 0;}@media only screen and (max-width:1024px) {.fusion-body .fusion-builder-nested-column-1{width:50% !important;order : 0;}.fusion-builder-nested-column-1 > .fusion-column-wrapper {margin-right : 0;margin-left : 0;}}@media only screen and (max-width:640px) {.fusion-body .fusion-builder-nested-column-1{width:100% !important;order : 0;}.fusion-builder-nested-column-1 > .fusion-column-wrapper {margin-right : 0;margin-left : 0;}}<\/style><\/div><\/div><\/div><style type=\"text\/css\">.fusion-body .fusion-builder-column-1{width:60% !important;margin-top : 0px;margin-bottom : 0px;}.fusion-builder-column-1 > .fusion-column-wrapper {padding-top : 0px !important;padding-right : 0px !important;margin-right : 0;padding-bottom : 0px !important;padding-left : 0px !important;margin-left : 0;}@media only screen and (max-width:1024px) {.fusion-body .fusion-builder-column-1{width:60% !important;order : 0;}.fusion-builder-column-1 > .fusion-column-wrapper {margin-right : 0;margin-left : 0;}}@media only screen and (max-width:640px) {.fusion-body .fusion-builder-column-1{width:100% !important;order : 0;}.fusion-builder-column-1 > .fusion-column-wrapper {margin-right : 0;margin-left : 0;}}<\/style><\/div><style type=\"text\/css\">.fusion-body .fusion-flex-container.fusion-builder-row-1{ padding-top : 0px;margin-top : 0px;padding-right : 0px;padding-bottom : 0px;margin-bottom : 0px;padding-left : 0px;}<\/style><\/div>\n","protected":false},"excerpt":{"rendered":"","protected":false},"author":1,"featured_media":0,"parent":0,"menu_order":0,"comment_status":"closed","ping_status":"closed","template":"100-width.php","meta":[],"yoast_head":"<!-- This site is optimized with the Yoast SEO plugin v16.0 - https:\/\/yoast.com\/wordpress\/plugins\/seo\/ -->\n<title>Vita Clients Priv\u00e9s | DR. MEIK B\u00d6DEKER<\/title>\n<link rel=\"canonical\" href=\"https:\/\/www.meik-boedeker.de\/fr\/vita-clients-prives\/\" \/>\n<meta property=\"og:locale\" content=\"fr_FR\" \/>\n<meta property=\"og:type\" content=\"article\" \/>\n<meta property=\"og:title\" content=\"Vita Clients Priv\u00e9s | DR. MEIK B\u00d6DEKER\" \/>\n<meta property=\"og:url\" content=\"https:\/\/www.meik-boedeker.de\/fr\/vita-clients-prives\/\" \/>\n<meta property=\"og:site_name\" content=\"DR. MEIK B\u00d6DEKER\" \/>\n<meta property=\"article:modified_time\" content=\"2021-03-20T20:21:51+00:00\" \/>\n<meta name=\"twitter:card\" content=\"summary_large_image\" \/>\n<meta name=\"twitter:label1\" content=\"Dur\u00e9e de lecture est.\">\n\t<meta name=\"twitter:data1\" content=\"3 minutes\">\n<script type=\"application\/ld+json\" class=\"yoast-schema-graph\">{\"@context\":\"https:\/\/schema.org\",\"@graph\":[{\"@type\":\"WebSite\",\"@id\":\"https:\/\/www.meik-boedeker.de\/#website\",\"url\":\"https:\/\/www.meik-boedeker.de\/\",\"name\":\"DR. MEIK B\\u00d6DEKER\",\"description\":\"Beratung &amp; Coaching\",\"potentialAction\":[{\"@type\":\"SearchAction\",\"target\":\"https:\/\/www.meik-boedeker.de\/?s={search_term_string}\",\"query-input\":\"required name=search_term_string\"}],\"inLanguage\":\"fr-FR\"},{\"@type\":\"WebPage\",\"@id\":\"https:\/\/www.meik-boedeker.de\/fr\/vita-clients-prives\/#webpage\",\"url\":\"https:\/\/www.meik-boedeker.de\/fr\/vita-clients-prives\/\",\"name\":\"Vita Clients Priv\\u00e9s | DR. MEIK B\\u00d6DEKER\",\"isPartOf\":{\"@id\":\"https:\/\/www.meik-boedeker.de\/#website\"},\"datePublished\":\"2021-03-14T19:24:45+00:00\",\"dateModified\":\"2021-03-20T20:21:51+00:00\",\"breadcrumb\":{\"@id\":\"https:\/\/www.meik-boedeker.de\/fr\/vita-clients-prives\/#breadcrumb\"},\"inLanguage\":\"fr-FR\",\"potentialAction\":[{\"@type\":\"ReadAction\",\"target\":[\"https:\/\/www.meik-boedeker.de\/fr\/vita-clients-prives\/\"]}]},{\"@type\":\"BreadcrumbList\",\"@id\":\"https:\/\/www.meik-boedeker.de\/fr\/vita-clients-prives\/#breadcrumb\",\"itemListElement\":[{\"@type\":\"ListItem\",\"position\":1,\"item\":{\"@type\":\"WebPage\",\"@id\":\"https:\/\/www.meik-boedeker.de\/fr\/\",\"url\":\"https:\/\/www.meik-boedeker.de\/fr\/\",\"name\":\"Startseite\"}},{\"@type\":\"ListItem\",\"position\":2,\"item\":{\"@type\":\"WebPage\",\"@id\":\"https:\/\/www.meik-boedeker.de\/fr\/vita-clients-prives\/\",\"url\":\"https:\/\/www.meik-boedeker.de\/fr\/vita-clients-prives\/\",\"name\":\"Vita Clients Priv\\u00e9s\"}}]}]}<\/script>\n<!-- \/ Yoast SEO plugin. -->","_links":{"self":[{"href":"https:\/\/www.meik-boedeker.de\/fr\/wp-json\/wp\/v2\/pages\/1049"}],"collection":[{"href":"https:\/\/www.meik-boedeker.de\/fr\/wp-json\/wp\/v2\/pages"}],"about":[{"href":"https:\/\/www.meik-boedeker.de\/fr\/wp-json\/wp\/v2\/types\/page"}],"author":[{"embeddable":true,"href":"https:\/\/www.meik-boedeker.de\/fr\/wp-json\/wp\/v2\/users\/1"}],"replies":[{"embeddable":true,"href":"https:\/\/www.meik-boedeker.de\/fr\/wp-json\/wp\/v2\/comments?post=1049"}],"version-history":[{"count":7,"href":"https:\/\/www.meik-boedeker.de\/fr\/wp-json\/wp\/v2\/pages\/1049\/revisions"}],"predecessor-version":[{"id":1102,"href":"https:\/\/www.meik-boedeker.de\/fr\/wp-json\/wp\/v2\/pages\/1049\/revisions\/1102"}],"wp:attachment":[{"href":"https:\/\/www.meik-boedeker.de\/fr\/wp-json\/wp\/v2\/media?parent=1049"}],"curies":[{"name":"wp","href":"https:\/\/api.w.org\/{rel}","templated":true}]}}