{"id":1154,"date":"2021-03-20T22:42:06","date_gmt":"2021-03-20T21:42:06","guid":{"rendered":"https:\/\/www.meik-boedeker.de\/referenzen-privatkunden\/"},"modified":"2021-03-21T14:37:18","modified_gmt":"2021-03-21T13:37:18","slug":"references-private-clients","status":"publish","type":"page","link":"https:\/\/www.meik-boedeker.de\/en\/references-private-clients\/","title":{"rendered":"References Private Clients"},"content":{"rendered":"<div class=\"fusion-fullwidth fullwidth-box fusion-builder-row-1 fusion-flex-container refout hundred-percent-fullwidth non-hundred-percent-height-scrolling\" style=\"background-color: #000000;background-position: center center;background-repeat: no-repeat;border-width: 0px 0px 0px 0px;border-color:#000000;border-style:solid;\" id=\"refout\" ><div class=\"fusion-builder-row fusion-row fusion-flex-align-items-flex-start\" style=\"width:calc( 100% + 0px ) !important;max-width:calc( 100% + 0px ) !important;margin-left: calc(-0px \/ 2 );margin-right: calc(-0px \/ 2 );\"><div class=\"fusion-layout-column fusion_builder_column fusion-builder-column-0 fusion_builder_column_1_1 1_1 fusion-flex-column fusion-flex-align-self-flex-start\" id=\"refin\"><div class=\"fusion-column-wrapper fusion-flex-justify-content-flex-start fusion-content-layout-column\" style=\"background-position:left top;background-repeat:no-repeat;-webkit-background-size:cover;-moz-background-size:cover;-o-background-size:cover;background-size:cover;padding: 0px 0px 0px 0px;\"><a class=\"fusion-modal-text-link\" data-toggle=\"modal\" data-target=\".fusion-modal.Landmann\" href=\"#\">\n<div class=\"ref r0\"><img class=\"bildref\" \nsrc=\"https:\/\/www.meik-boedeker.de\/wp-content\/uploads\/2021\/03\/Landmann.jpg\" \nalt=\"Monika Landmann\" width=\"154\" \/>\n<img class=\"bildpfeil\" \nsrc=\"https:\/\/www.meik-boedeker.de\/wp-content\/uploads\/2021\/03\/pfeil1.png\" \nalt=\"Monika Landmann\" width=\"30\" \/>\n<h3>Monika Landmann<\/h3>\n<\/div><\/a> \n<a class=\"fusion-modal-text-link\" data-toggle=\"modal\" data-target=\".fusion-modal.Franke\" href=\"#\">\n<div class=\"ref r1\"><img class=\"bildref\" \nsrc=\"https:\/\/www.meik-boedeker.de\/wp-content\/uploads\/2021\/03\/Franke.jpg\" \nalt=\"Sascha Franke\" width=\"154\" \/>\n<img class=\"bildpfeil\" \nsrc=\"https:\/\/www.meik-boedeker.de\/wp-content\/uploads\/2021\/03\/pfeil1.png\" \nalt=\"Sascha Franke\" width=\"30\" \/>\n<h3>Sascha Franke<\/h3>\n<\/div><\/a> \n<a class=\"fusion-modal-text-link\" data-toggle=\"modal\" data-target=\".fusion-modal.Bergbauer\" href=\"#\">\n<div class=\"ref r2\"><img class=\"bildref\" \nsrc=\"https:\/\/www.meik-boedeker.de\/wp-content\/uploads\/2021\/03\/Bergauer.jpg\" \nalt=\"Sandra Bergbauer\" width=\"154\" \/>\n<img class=\"bildpfeil\" \nsrc=\"https:\/\/www.meik-boedeker.de\/wp-content\/uploads\/2021\/03\/pfeil1.png\" \nalt=\"Sandra Bergbauer\" width=\"30\" \/>\n<h3>Sandra Bergbauer<\/h3>\n<\/div><\/a> \n<a class=\"fusion-modal-text-link\" data-toggle=\"modal\" data-target=\".fusion-modal.Hering\" href=\"#\">\n<div class=\"ref r3\"><img class=\"bildref\" \nsrc=\"https:\/\/www.meik-boedeker.de\/wp-content\/uploads\/2021\/03\/Hering.jpg\" \nalt=\"Maxi Hering\" width=\"154\" \/>\n<img class=\"bildpfeil\" \nsrc=\"https:\/\/www.meik-boedeker.de\/wp-content\/uploads\/2021\/03\/pfeil1.png\" \nalt=\"Maxi Hering\" width=\"30\" \/>\n<h3>Maxi Hering<\/h3>\n<\/div><\/a> \n<a class=\"fusion-modal-text-link\" data-toggle=\"modal\" data-target=\".fusion-modal.Jeffares\" href=\"#\">\n<div class=\"ref r4\"><img class=\"bildref\" \nsrc=\"https:\/\/www.meik-boedeker.de\/wp-content\/uploads\/2021\/03\/Jeffares.jpg\" \nalt=\"Rebecca Jeffares\" width=\"154\" \/>\n<img class=\"bildpfeil\" \nsrc=\"https:\/\/www.meik-boedeker.de\/wp-content\/uploads\/2021\/03\/pfeil1.png\" \nalt=\"Rebecca Jeffares\" width=\"30\" \/>\n<h3>Rebecca Jeffares<\/h3>\n<\/div><\/a>\n<a class=\"fusion-modal-text-link\" data-toggle=\"modal\" data-target=\".fusion-modal.Mueller\" href=\"#\">\n<div class=\"ref r5\"><img class=\"bildref\" \nsrc=\"https:\/\/www.meik-boedeker.de\/wp-content\/uploads\/2021\/03\/Mueller.jpg\" \nalt=\"Michael M\u00fcller\" width=\"154\" \/>\n<img class=\"bildpfeil\" \nsrc=\"https:\/\/www.meik-boedeker.de\/wp-content\/uploads\/2021\/03\/pfeil1.png\" \nalt=\"Michael M\u00fcller\" width=\"30\" \/>\n<h3>Michael M\u00fcller<\/h3>\n<\/div><\/a>\n<a class=\"fusion-modal-text-link\" data-toggle=\"modal\" data-target=\".fusion-modal.Menzel\" href=\"#\">\n<div class=\"ref r6\"><img class=\"bildref\" \nsrc=\"https:\/\/www.meik-boedeker.de\/wp-content\/uploads\/2021\/03\/Menzel.jpg\" \nalt=\"Daniela Menzel\" width=\"154\" \/>\n<img class=\"bildpfeil\" \nsrc=\"https:\/\/www.meik-boedeker.de\/wp-content\/uploads\/2021\/03\/pfeil1.png\" \nalt=\"Daniela Menzel\" width=\"30\" \/>\n<h3>Daniela Menzel<\/h3>\n<\/div><\/a>\n<a class=\"fusion-modal-text-link\" data-toggle=\"modal\" data-target=\".fusion-modal.Reimann\" href=\"#\">\n<div class=\"ref r7\"><img class=\"bildref\" \nsrc=\"https:\/\/www.meik-boedeker.de\/wp-content\/uploads\/2021\/03\/Reimann.jpg\" \nalt=\"Ulrich Reimann\" width=\"154\" \/>\n<img class=\"bildpfeil\" \nsrc=\"https:\/\/www.meik-boedeker.de\/wp-content\/uploads\/2021\/03\/pfeil1.png\" \nalt=\"Ulrich Reimann\" width=\"30\" \/>\n<h3>Ulrich Reimann<\/h3>\n<\/div><\/a>\n<a class=\"fusion-modal-text-link\" data-toggle=\"modal\" data-target=\".fusion-modal.Stahl\" href=\"#\">\n<div class=\"ref r8\"><img class=\"bildref\" \nsrc=\"https:\/\/www.meik-boedeker.de\/wp-content\/uploads\/2021\/03\/Stahl.jpg\" \nalt=\"Isabel Stahl\" width=\"154\" \/>\n<img class=\"bildpfeil\" \nsrc=\"https:\/\/www.meik-boedeker.de\/wp-content\/uploads\/2021\/03\/pfeil1.png\" \nalt=\"Isabel Stahl\" width=\"30\" \/>\n<h3>Isabel Stahl<\/h3>\n<\/div><\/a>\n<a class=\"fusion-modal-text-link\" data-toggle=\"modal\" data-target=\".fusion-modal.Tanzer\" href=\"#\">\n<div class=\"ref r9\"><img class=\"bildref\" \nsrc=\"https:\/\/www.meik-boedeker.de\/wp-content\/uploads\/2021\/03\/Tanzer.jpg\" \nalt=\"Markus Tanzer\" width=\"154\" \/>\n<img class=\"bildpfeil\" \nsrc=\"https:\/\/www.meik-boedeker.de\/wp-content\/uploads\/2021\/03\/pfeil1.png\" \nalt=\"Markus Tanzer\" width=\"30\" \/>\n<h3>Markus Tanzer<\/h3>\n<\/div><\/a>\n<a class=\"fusion-modal-text-link\" data-toggle=\"modal\" data-target=\".fusion-modal.Uta\" href=\"#\">\n<div class=\"ref r10\"><img class=\"bildref\" \nsrc=\"https:\/\/www.meik-boedeker.de\/wp-content\/uploads\/2021\/03\/Uta.jpg\" \nalt=\"Daniela Uta\" width=\"154\" \/>\n<img class=\"bildpfeil\" \nsrc=\"https:\/\/www.meik-boedeker.de\/wp-content\/uploads\/2021\/03\/pfeil1.png\" \nalt=\"Daniela Uta\" width=\"30\" \/>\n<h3>Daniela Uta<\/h3>\n<\/div><\/a><div class=\"fusion-modal modal fade modal-1 Jeffares\" tabindex=\"-1\" role=\"dialog\" aria-labelledby=\"modal-heading-1\" aria-hidden=\"true\"><style type=\"text\/css\">.modal-1 .modal-header, .modal-1 .modal-footer{border-color:#242424;}<\/style><div class=\"modal-dialog modal-lg\"><div class=\"modal-content fusion-modal-content\" style=\"background-color:#ffffff\"><div class=\"modal-header\"><button class=\"close\" type=\"button\" data-dismiss=\"modal\" aria-hidden=\"true\">&times;<\/button><h3 class=\"modal-title\" id=\"modal-heading-1\" data-dismiss=\"modal\" aria-hidden=\"true\">Rebecca Jeffares<\/h3><\/div><div class=\"modal-body fusion-clearfix\">\n<p>Before I went to Meik for coaching, my thoughts were disorganized. I felt like I wasn&#8217;t getting anywhere, even though I had so much going through my head. Meik, with his charming manner, helped me sort out my thoughts and let me see their meaning. He is a &#8220;thought sorter&#8221;. A benefit for anyone who feels they don&#8217;t necessarily need new information, but to get a sequence and order and their thoughts.<\/p>\n<\/div><div class=\"modal-footer\"><a class=\"fusion-button button-default button-medium button default medium\" data-dismiss=\"modal\">Close<\/a><\/div><\/div><\/div><\/div><div class=\"fusion-modal modal fade modal-2 Landmann\" tabindex=\"-1\" role=\"dialog\" aria-labelledby=\"modal-heading-2\" aria-hidden=\"true\"><style type=\"text\/css\">.modal-2 .modal-header, .modal-2 .modal-footer{border-color:#242424;}<\/style><div class=\"modal-dialog modal-lg\"><div class=\"modal-content fusion-modal-content\" style=\"background-color:#ffffff\"><div class=\"modal-header\"><button class=\"close\" type=\"button\" data-dismiss=\"modal\" aria-hidden=\"true\">&times;<\/button><h3 class=\"modal-title\" id=\"modal-heading-2\" data-dismiss=\"modal\" aria-hidden=\"true\">Monika Landmann<\/h3><\/div><div class=\"modal-body fusion-clearfix\">\n<p>Meik gives you the feeling of being in the right place right from the start. He takes you seriously without being too serious himself. You feel like you are in good hands and safe. This made it easy for me to open up. Meik&#8217;s positive manner helps immensely to get involved in new ways and possibilities. The coaching seems easy and effortless. For me it felt more like a long, super pleasant conversation. You learn almost without noticing it.<\/p>\n<\/div><div class=\"modal-footer\"><a class=\"fusion-button button-default button-medium button default medium\" data-dismiss=\"modal\">Close<\/a><\/div><\/div><\/div><\/div><div class=\"fusion-modal modal fade modal-3 Franke\" tabindex=\"-1\" role=\"dialog\" aria-labelledby=\"modal-heading-3\" aria-hidden=\"true\"><style type=\"text\/css\">.modal-3 .modal-header, .modal-3 .modal-footer{border-color:#242424;}<\/style><div class=\"modal-dialog modal-lg\"><div class=\"modal-content fusion-modal-content\" style=\"background-color:#ffffff\"><div class=\"modal-header\"><button class=\"close\" type=\"button\" data-dismiss=\"modal\" aria-hidden=\"true\">&times;<\/button><h3 class=\"modal-title\" id=\"modal-heading-3\" data-dismiss=\"modal\" aria-hidden=\"true\">Sascha Franke<\/h3><\/div><div class=\"modal-body fusion-clearfix\">\n<p>Meik accompanied me in a very calm and patient way to find my goals and then to implement them. I was helped by his experience and the fact that he was always at my side. I can only recommend to realign with him and thank him at this point.<\/p>\n<\/div><div class=\"modal-footer\"><a class=\"fusion-button button-default button-medium button default medium\" data-dismiss=\"modal\">Close<\/a><\/div><\/div><\/div><\/div><div class=\"fusion-modal modal fade modal-4 Bergbauer\" tabindex=\"-1\" role=\"dialog\" aria-labelledby=\"modal-heading-4\" aria-hidden=\"true\"><style type=\"text\/css\">.modal-4 .modal-header, .modal-4 .modal-footer{border-color:#242424;}<\/style><div class=\"modal-dialog modal-lg\"><div class=\"modal-content fusion-modal-content\" style=\"background-color:#ffffff\"><div class=\"modal-header\"><button class=\"close\" type=\"button\" data-dismiss=\"modal\" aria-hidden=\"true\">&times;<\/button><h3 class=\"modal-title\" id=\"modal-heading-4\" data-dismiss=\"modal\" aria-hidden=\"true\">Sandra Bergbauer<\/h3><\/div><div class=\"modal-body fusion-clearfix\">\n<p>I got to know and appreciate Meik as a teacher at the end of my training as a business coach. From the first moment you notice his positive and encouraging manner. One immediately feels more confident in his presence. After my graduation, I therefore decided to continue working with Meik as a coach. In individual coaching, he distinguished himself by always asking exactly the right questions. This allowed me to gain clarity about whether the planned project was really what I wanted to do. At no time did I have the impression that he wanted to impose on me what he thought was right for me. On the contrary: he helped me to recognize my abilities in the best possible way, to work them out and to dare to come out with them. Meik is still available to me now as a &#8220;sparring partner&#8221; for new challenges. This always gives me the opportunity to get a neutral and competent opinion on new ideas and projects.<\/p>\n<\/div><div class=\"modal-footer\"><a class=\"fusion-button button-default button-medium button default medium\" data-dismiss=\"modal\">Close<\/a><\/div><\/div><\/div><\/div><div class=\"fusion-modal modal fade modal-5 Uta\" tabindex=\"-1\" role=\"dialog\" aria-labelledby=\"modal-heading-5\" aria-hidden=\"true\"><style type=\"text\/css\">.modal-5 .modal-header, .modal-5 .modal-footer{border-color:#242424;}<\/style><div class=\"modal-dialog modal-lg\"><div class=\"modal-content fusion-modal-content\" style=\"background-color:#ffffff\"><div class=\"modal-header\"><button class=\"close\" type=\"button\" data-dismiss=\"modal\" aria-hidden=\"true\">&times;<\/button><h3 class=\"modal-title\" id=\"modal-heading-5\" data-dismiss=\"modal\" aria-hidden=\"true\">Daniela Uta<\/h3><\/div><div class=\"modal-body fusion-clearfix\">\n<p>Meik was not just a coach, but someone who helped me with endless little tips and tricks.<\/p>\n<p>He took me by the hand, so to speak, and from many small ideas I had, we forged a big idea together and I finally found my own path for myself &#8211; both professionally and privately.<\/p>\n<\/div><div class=\"modal-footer\"><a class=\"fusion-button button-default button-medium button default medium\" data-dismiss=\"modal\">Close<\/a><\/div><\/div><\/div><\/div><div class=\"fusion-modal modal fade modal-6 Mueller\" tabindex=\"-1\" role=\"dialog\" aria-labelledby=\"modal-heading-6\" aria-hidden=\"true\"><style type=\"text\/css\">.modal-6 .modal-header, .modal-6 .modal-footer{border-color:#242424;}<\/style><div class=\"modal-dialog modal-lg\"><div class=\"modal-content fusion-modal-content\" style=\"background-color:#ffffff\"><div class=\"modal-header\"><button class=\"close\" type=\"button\" data-dismiss=\"modal\" aria-hidden=\"true\">&times;<\/button><h3 class=\"modal-title\" id=\"modal-heading-6\" data-dismiss=\"modal\" aria-hidden=\"true\">Michael M\u00fcller<\/h3><\/div><div class=\"modal-body fusion-clearfix\">\n<p>Through Meik, I first learned to get out of the &#8220;faster and faster, further and further, more and more&#8221; hamster wheel and to slow down. To listen to myself &#8211; I would never have succeeded on my own. And when I was &#8220;clear&#8221;, we created an absolutely suitable path, exactly for my needs, my wishes, my goals. Meik proved to be an excellent guide.<\/p>\n<\/div><div class=\"modal-footer\"><a class=\"fusion-button button-default button-medium button default medium\" data-dismiss=\"modal\">Close<\/a><\/div><\/div><\/div><\/div><div class=\"fusion-modal modal fade modal-7 Menzel\" tabindex=\"-1\" role=\"dialog\" aria-labelledby=\"modal-heading-7\" aria-hidden=\"true\"><style type=\"text\/css\">.modal-7 .modal-header, .modal-7 .modal-footer{border-color:#242424;}<\/style><div class=\"modal-dialog modal-lg\"><div class=\"modal-content fusion-modal-content\" style=\"background-color:#ffffff\"><div class=\"modal-header\"><button class=\"close\" type=\"button\" data-dismiss=\"modal\" aria-hidden=\"true\">&times;<\/button><h3 class=\"modal-title\" id=\"modal-heading-7\" data-dismiss=\"modal\" aria-hidden=\"true\">Daniela Menzel<\/h3><\/div><div class=\"modal-body fusion-clearfix\">\n<p>First of all, Meik showed me what strengths I have in the first place &#8211; and then worked with me to implement them in a completely new profession.<\/p>\n<p>To implement them successfully.<\/p>\n<p>My life has changed completely as a result &#8211; I finally have an orientation, my laughter back, my joy, my strength.<\/p>\n<\/div><div class=\"modal-footer\"><a class=\"fusion-button button-default button-medium button default medium\" data-dismiss=\"modal\">Close<\/a><\/div><\/div><\/div><\/div><div class=\"fusion-modal modal fade modal-8 Hering\" tabindex=\"-1\" role=\"dialog\" aria-labelledby=\"modal-heading-8\" aria-hidden=\"true\"><style type=\"text\/css\">.modal-8 .modal-header, .modal-8 .modal-footer{border-color:#242424;}<\/style><div class=\"modal-dialog modal-lg\"><div class=\"modal-content fusion-modal-content\" style=\"background-color:#ffffff\"><div class=\"modal-header\"><button class=\"close\" type=\"button\" data-dismiss=\"modal\" aria-hidden=\"true\">&times;<\/button><h3 class=\"modal-title\" id=\"modal-heading-8\" data-dismiss=\"modal\" aria-hidden=\"true\">Maxi Hering<\/h3><\/div><div class=\"modal-body fusion-clearfix\">\n<p>Meik first of all listens very well and when he then gives advice, it is appropriate. His way of completely engaging with his counterpart gives you a very good feeling &#8211; and trust.<\/p>\n<\/div><div class=\"modal-footer\"><a class=\"fusion-button button-default button-medium button default medium\" data-dismiss=\"modal\">Close<\/a><\/div><\/div><\/div><\/div><div class=\"fusion-modal modal fade modal-9 Tanzer\" tabindex=\"-1\" role=\"dialog\" aria-labelledby=\"modal-heading-9\" aria-hidden=\"true\"><style type=\"text\/css\">.modal-9 .modal-header, .modal-9 .modal-footer{border-color:#242424;}<\/style><div class=\"modal-dialog modal-lg\"><div class=\"modal-content fusion-modal-content\" style=\"background-color:#ffffff\"><div class=\"modal-header\"><button class=\"close\" type=\"button\" data-dismiss=\"modal\" aria-hidden=\"true\">&times;<\/button><h3 class=\"modal-title\" id=\"modal-heading-9\" data-dismiss=\"modal\" aria-hidden=\"true\">Markus Tanzer<\/h3><\/div><div class=\"modal-body fusion-clearfix\">\n<p>Mr. B\u00f6deker was one of my speakers, among others in the topics: Business start-up, salary negotiation, employee psychology and applicant selection. His methodology was always captivating due to his professional competence as well as his bite and liveliness. His demeanor was very pleasant at all times. It was very important to Mr. B\u00f6deker to create a pleasant atmosphere. With his natural manner paired with the necessary portion of humor, Mr. B\u00f6deker succeeded in constantly captivating his audience. Mr. B\u00f6deker offers an immense wealth of expertise, experience and creativity.<\/p>\n<p>I would like to thank Mr. B\u00f6deker for his presentation and can recommend him without reservation.<\/p>\n<\/div><div class=\"modal-footer\"><a class=\"fusion-button button-default button-medium button default medium\" data-dismiss=\"modal\">Close<\/a><\/div><\/div><\/div><\/div><div class=\"fusion-modal modal fade modal-10 Reimann\" tabindex=\"-1\" role=\"dialog\" aria-labelledby=\"modal-heading-10\" aria-hidden=\"true\"><style type=\"text\/css\">.modal-10 .modal-header, .modal-10 .modal-footer{border-color:#242424;}<\/style><div class=\"modal-dialog modal-lg\"><div class=\"modal-content fusion-modal-content\" style=\"background-color:#ffffff\"><div class=\"modal-header\"><button class=\"close\" type=\"button\" data-dismiss=\"modal\" aria-hidden=\"true\">&times;<\/button><h3 class=\"modal-title\" id=\"modal-heading-10\" data-dismiss=\"modal\" aria-hidden=\"true\">Ulrich Reimann<\/h3><\/div><div class=\"modal-body fusion-clearfix\">\n<p>There are people who accompany you over a long period of time, who are professionally outstanding and yet you hardly notice them. And then there is Meik B\u00f6deker, who leaves a lifelong impression in &#8220;only&#8221; five days.<\/p>\n<p>He LIVES his immense professional competence and thus convinces to the core. With his dynamics he captivates everyone from even the most heterogeneous groups. His examples are quick-living, situation\/group related and paint pictures in the mind that simply stick. Besides all this energy, this drive (I have rarely learned so much &#8211; I don&#8217;t want to say &#8220;learned&#8221;, no, I have to say &#8220;internalized&#8221;) Meik has a strong empathic streak.<\/p>\n<p>I was in an orientation phase and somehow didn&#8217;t get to the point. Meik managed to create not only clarity of purpose, but also a strategy in my head.<\/p>\n<\/div><div class=\"modal-footer\"><a class=\"fusion-button button-default button-medium button default medium\" data-dismiss=\"modal\">Close<\/a><\/div><\/div><\/div><\/div><div class=\"fusion-modal modal fade modal-11 Stahl\" tabindex=\"-1\" role=\"dialog\" aria-labelledby=\"modal-heading-11\" aria-hidden=\"true\"><style type=\"text\/css\">.modal-11 .modal-header, .modal-11 .modal-footer{border-color:#242424;}<\/style><div class=\"modal-dialog modal-lg\"><div class=\"modal-content fusion-modal-content\" style=\"background-color:#ffffff\"><div class=\"modal-header\"><button class=\"close\" type=\"button\" data-dismiss=\"modal\" aria-hidden=\"true\">&times;<\/button><h3 class=\"modal-title\" id=\"modal-heading-11\" data-dismiss=\"modal\" aria-hidden=\"true\">Isabel Stahl<\/h3><\/div><div class=\"modal-body fusion-clearfix\">\n<p>&#8220;It&#8217;s not about moving borders, but taking away their divisive character for people.&#8221;<\/p>\n<p>And that&#8217;s what Meik B\u00f6deker understands like no other. He manages to motivate and inspire others, but at the same time is willing to learn from them as well. All too often, he is able to share his expertise and know-how. Thus, he explains the most complicated things in a simple, humorous way, without losing sight of the needs. In him I have found a reliable contact person and motivator who has managed to make us dare to think outside the box.<\/p>\n<\/div><div class=\"modal-footer\"><a class=\"fusion-button button-default button-medium button default medium\" data-dismiss=\"modal\">Close<\/a><\/div><\/div><\/div><\/div><\/div><\/div><style type=\"text\/css\">.fusion-body .fusion-builder-column-0{width:100% !important;margin-top : 0px;margin-bottom : 0px;}.fusion-builder-column-0 > .fusion-column-wrapper {padding-top : 0px !important;padding-right : 0px !important;margin-right : 0;padding-bottom : 0px !important;padding-left : 0px !important;margin-left : 0;}@media only screen and (max-width:1024px) {.fusion-body .fusion-builder-column-0{width:100% !important;order : 0;}.fusion-builder-column-0 > .fusion-column-wrapper {margin-right : 0;margin-left : 0;}}@media only screen and (max-width:640px) {.fusion-body .fusion-builder-column-0{width:100% !important;order : 0;}.fusion-builder-column-0 > .fusion-column-wrapper {margin-right : 0;margin-left : 0;}}<\/style><\/div><style type=\"text\/css\">.fusion-body .fusion-flex-container.fusion-builder-row-1{ padding-top : 0px;margin-top : 0px;padding-right : 0px;padding-bottom : 0px;margin-bottom : 0px;padding-left : 0px;}<\/style><\/div>\n","protected":false},"excerpt":{"rendered":"","protected":false},"author":1,"featured_media":0,"parent":0,"menu_order":0,"comment_status":"closed","ping_status":"closed","template":"100-width.php","meta":[],"yoast_head":"<!-- This site is optimized with the Yoast SEO plugin v16.0 - https:\/\/yoast.com\/wordpress\/plugins\/seo\/ -->\n<title>References Private Clients | DR. MEIK B\u00d6DEKER<\/title>\n<link rel=\"canonical\" href=\"https:\/\/www.meik-boedeker.de\/en\/references-private-clients\/\" \/>\n<meta property=\"og:locale\" content=\"en_US\" \/>\n<meta property=\"og:type\" content=\"article\" \/>\n<meta property=\"og:title\" content=\"References Private Clients | DR. MEIK B\u00d6DEKER\" \/>\n<meta property=\"og:url\" content=\"https:\/\/www.meik-boedeker.de\/en\/references-private-clients\/\" \/>\n<meta property=\"og:site_name\" content=\"DR. MEIK B\u00d6DEKER\" \/>\n<meta property=\"article:modified_time\" content=\"2021-03-21T13:37:18+00:00\" \/>\n<meta name=\"twitter:card\" content=\"summary_large_image\" \/>\n<meta name=\"twitter:label1\" content=\"Est. reading time\">\n\t<meta name=\"twitter:data1\" content=\"12 minutes\">\n<script type=\"application\/ld+json\" class=\"yoast-schema-graph\">{\"@context\":\"https:\/\/schema.org\",\"@graph\":[{\"@type\":\"WebSite\",\"@id\":\"https:\/\/www.meik-boedeker.de\/#website\",\"url\":\"https:\/\/www.meik-boedeker.de\/\",\"name\":\"DR. MEIK B\\u00d6DEKER\",\"description\":\"Beratung &amp; Coaching\",\"potentialAction\":[{\"@type\":\"SearchAction\",\"target\":\"https:\/\/www.meik-boedeker.de\/?s={search_term_string}\",\"query-input\":\"required name=search_term_string\"}],\"inLanguage\":\"en-US\"},{\"@type\":\"WebPage\",\"@id\":\"https:\/\/www.meik-boedeker.de\/en\/references-private-clients\/#webpage\",\"url\":\"https:\/\/www.meik-boedeker.de\/en\/references-private-clients\/\",\"name\":\"References Private Clients | DR. MEIK B\\u00d6DEKER\",\"isPartOf\":{\"@id\":\"https:\/\/www.meik-boedeker.de\/#website\"},\"datePublished\":\"2021-03-20T21:42:06+00:00\",\"dateModified\":\"2021-03-21T13:37:18+00:00\",\"breadcrumb\":{\"@id\":\"https:\/\/www.meik-boedeker.de\/en\/references-private-clients\/#breadcrumb\"},\"inLanguage\":\"en-US\",\"potentialAction\":[{\"@type\":\"ReadAction\",\"target\":[\"https:\/\/www.meik-boedeker.de\/en\/references-private-clients\/\"]}]},{\"@type\":\"BreadcrumbList\",\"@id\":\"https:\/\/www.meik-boedeker.de\/en\/references-private-clients\/#breadcrumb\",\"itemListElement\":[{\"@type\":\"ListItem\",\"position\":1,\"item\":{\"@type\":\"WebPage\",\"@id\":\"https:\/\/www.meik-boedeker.de\/en\/\",\"url\":\"https:\/\/www.meik-boedeker.de\/en\/\",\"name\":\"Startseite\"}},{\"@type\":\"ListItem\",\"position\":2,\"item\":{\"@type\":\"WebPage\",\"@id\":\"https:\/\/www.meik-boedeker.de\/en\/references-private-clients\/\",\"url\":\"https:\/\/www.meik-boedeker.de\/en\/references-private-clients\/\",\"name\":\"References Private Clients\"}}]}]}<\/script>\n<!-- \/ Yoast SEO plugin. -->","_links":{"self":[{"href":"https:\/\/www.meik-boedeker.de\/en\/wp-json\/wp\/v2\/pages\/1154"}],"collection":[{"href":"https:\/\/www.meik-boedeker.de\/en\/wp-json\/wp\/v2\/pages"}],"about":[{"href":"https:\/\/www.meik-boedeker.de\/en\/wp-json\/wp\/v2\/types\/page"}],"author":[{"embeddable":true,"href":"https:\/\/www.meik-boedeker.de\/en\/wp-json\/wp\/v2\/users\/1"}],"replies":[{"embeddable":true,"href":"https:\/\/www.meik-boedeker.de\/en\/wp-json\/wp\/v2\/comments?post=1154"}],"version-history":[{"count":4,"href":"https:\/\/www.meik-boedeker.de\/en\/wp-json\/wp\/v2\/pages\/1154\/revisions"}],"predecessor-version":[{"id":1211,"href":"https:\/\/www.meik-boedeker.de\/en\/wp-json\/wp\/v2\/pages\/1154\/revisions\/1211"}],"wp:attachment":[{"href":"https:\/\/www.meik-boedeker.de\/en\/wp-json\/wp\/v2\/media?parent=1154"}],"curies":[{"name":"wp","href":"https:\/\/api.w.org\/{rel}","templated":true}]}}